{"id":14,"date":"2021-11-21T15:14:19","date_gmt":"2021-11-21T15:14:19","guid":{"rendered":"https:\/\/hairycactus.de\/?page_id=14"},"modified":"2023-11-19T14:13:49","modified_gmt":"2023-11-19T14:13:49","slug":"ueber-mich","status":"publish","type":"page","link":"https:\/\/hairycactus.de\/?page_id=14","title":{"rendered":"\u00dcber mich"},"content":{"rendered":"\t\t<div data-elementor-type=\"wp-page\" data-elementor-id=\"14\" class=\"elementor elementor-14\">\n\t\t\t\t\t\t<section class=\"elementor-section elementor-top-section elementor-element elementor-element-3447f83 elementor-section-height-min-height elementor-section-boxed elementor-section-height-default elementor-section-items-middle\" data-id=\"3447f83\" data-element_type=\"section\" data-settings=\"{&quot;background_background&quot;:&quot;classic&quot;}\">\n\t\t\t\t\t\t<div class=\"elementor-container elementor-column-gap-default\">\n\t\t\t\t\t<div class=\"elementor-column elementor-col-100 elementor-top-column elementor-element elementor-element-b3a35f8\" data-id=\"b3a35f8\" data-element_type=\"column\" data-settings=\"{&quot;background_background&quot;:&quot;slideshow&quot;,&quot;background_slideshow_gallery&quot;:[{&quot;id&quot;:1844,&quot;url&quot;:&quot;https:\\\/\\\/hairycactus.de\\\/wp-content\\\/uploads\\\/2023\\\/11\\\/hcv4-1.png&quot;}],&quot;background_slideshow_loop&quot;:&quot;yes&quot;,&quot;background_slideshow_slide_duration&quot;:5000,&quot;background_slideshow_slide_transition&quot;:&quot;fade&quot;,&quot;background_slideshow_transition_duration&quot;:500}\">\n\t\t\t<div class=\"elementor-widget-wrap elementor-element-populated\">\n\t\t\t\t\t\t<div class=\"elementor-element elementor-element-32eb271 elementor-widget elementor-widget-heading\" data-id=\"32eb271\" data-element_type=\"widget\" data-widget_type=\"heading.default\">\n\t\t\t\t<div class=\"elementor-widget-container\">\n\t\t\t<style>\/*! elementor - v3.23.0 - 05-08-2024 *\/\n.elementor-heading-title{padding:0;margin:0;line-height:1}.elementor-widget-heading .elementor-heading-title[class*=elementor-size-]>a{color:inherit;font-size:inherit;line-height:inherit}.elementor-widget-heading .elementor-heading-title.elementor-size-small{font-size:15px}.elementor-widget-heading .elementor-heading-title.elementor-size-medium{font-size:19px}.elementor-widget-heading .elementor-heading-title.elementor-size-large{font-size:29px}.elementor-widget-heading .elementor-heading-title.elementor-size-xl{font-size:39px}.elementor-widget-heading .elementor-heading-title.elementor-size-xxl{font-size:59px}<\/style><h1 class=\"elementor-heading-title elementor-size-default\">Wer ich bin?<\/h1>\t\t<\/div>\n\t\t\t\t<\/div>\n\t\t\t\t\t<\/div>\n\t\t<\/div>\n\t\t\t\t\t<\/div>\n\t\t<\/section>\n\t\t\t\t<section class=\"elementor-section elementor-top-section elementor-element elementor-element-bf2203b elementor-section-boxed elementor-section-height-default elementor-section-height-default\" data-id=\"bf2203b\" data-element_type=\"section\">\n\t\t\t\t\t\t<div class=\"elementor-container elementor-column-gap-wide\">\n\t\t\t\t\t<div class=\"elementor-column elementor-col-50 elementor-top-column elementor-element elementor-element-35e7787\" data-id=\"35e7787\" data-element_type=\"column\">\n\t\t\t<div class=\"elementor-widget-wrap elementor-element-populated\">\n\t\t\t\t\t\t<div class=\"elementor-element elementor-element-60b5be4 elementor-widget elementor-widget-heading\" data-id=\"60b5be4\" data-element_type=\"widget\" data-widget_type=\"heading.default\">\n\t\t\t\t<div class=\"elementor-widget-container\">\n\t\t\t<h2 class=\"elementor-heading-title elementor-size-default\">Biografie - Basisinformationen<\/h2>\t\t<\/div>\n\t\t\t\t<\/div>\n\t\t\t\t<div class=\"elementor-element elementor-element-1930ce9 elementor-widget elementor-widget-text-editor\" data-id=\"1930ce9\" data-element_type=\"widget\" data-widget_type=\"text-editor.default\">\n\t\t\t\t<div class=\"elementor-widget-container\">\n\t\t\t<style>\/*! elementor - v3.23.0 - 05-08-2024 *\/\n.elementor-widget-text-editor.elementor-drop-cap-view-stacked .elementor-drop-cap{background-color:#69727d;color:#fff}.elementor-widget-text-editor.elementor-drop-cap-view-framed .elementor-drop-cap{color:#69727d;border:3px solid;background-color:transparent}.elementor-widget-text-editor:not(.elementor-drop-cap-view-default) .elementor-drop-cap{margin-top:8px}.elementor-widget-text-editor:not(.elementor-drop-cap-view-default) .elementor-drop-cap-letter{width:1em;height:1em}.elementor-widget-text-editor .elementor-drop-cap{float:left;text-align:center;line-height:1;font-size:50px}.elementor-widget-text-editor .elementor-drop-cap-letter{display:inline-block}<\/style>\t\t\t\t<p>Hallo, mein Name ist Domenic Reetz. Schon seit kindheitstagen interessiere ich mich f\u00fcr die Umwelt. Ich bin 23 Jahre alt und habe 2019 mein Abitur in Hofgeismar gemacht. Ich wohne in einem kleinen Dorf in dem Altkreis Hofgeismar. Dort lebe ich noch zusammen mit meinen Eltern in unserem eigenem alten Haus.\u00a0<\/p><p>\u00a0<\/p><p>Des weiteren geh\u00f6ren zu meiner Familie vor Ort zwei Hunde<span style=\"font-style: inherit; font-weight: inherit; background-color: var(--ast-global-color-5); color: var(--ast-global-color-3);\">\u00a0(Blue und Luah), einige hilfeben\u00f6tigende V\u00f6gel. Schon seit kindheitstagen interessiere ich mich f\u00fcr die Natur und konnte mir innerhalb des letztens Jahrzehnts ein sehr gro\u00dfes Wissen aneignen.<\/span><\/p><p>\u00a0<\/p>\t\t\t\t\t\t<\/div>\n\t\t\t\t<\/div>\n\t\t\t\t\t<\/div>\n\t\t<\/div>\n\t\t\t\t<div class=\"elementor-column elementor-col-50 elementor-top-column elementor-element elementor-element-7d3eed7\" data-id=\"7d3eed7\" data-element_type=\"column\">\n\t\t\t<div class=\"elementor-widget-wrap elementor-element-populated\">\n\t\t\t\t\t\t<div class=\"elementor-element elementor-element-7051276 elementor-widget elementor-widget-image\" data-id=\"7051276\" data-element_type=\"widget\" data-widget_type=\"image.default\">\n\t\t\t\t<div class=\"elementor-widget-container\">\n\t\t\t<style>\/*! elementor - v3.23.0 - 05-08-2024 *\/\n.elementor-widget-image{text-align:center}.elementor-widget-image a{display:inline-block}.elementor-widget-image a img[src$=\".svg\"]{width:48px}.elementor-widget-image img{vertical-align:middle;display:inline-block}<\/style>\t\t\t\t\t\t\t\t\t\t<img fetchpriority=\"high\" decoding=\"async\" width=\"987\" height=\"796\" src=\"https:\/\/hairycactus.de\/wp-content\/uploads\/2023\/11\/Unbenannt.png\" class=\"attachment-large size-large wp-image-1900\" alt=\"\" srcset=\"https:\/\/hairycactus.de\/wp-content\/uploads\/2023\/11\/Unbenannt.png 987w, https:\/\/hairycactus.de\/wp-content\/uploads\/2023\/11\/Unbenannt-300x242.png 300w, https:\/\/hairycactus.de\/wp-content\/uploads\/2023\/11\/Unbenannt-768x619.png 768w\" sizes=\"(max-width: 987px) 100vw, 987px\" \/>\t\t\t\t\t\t\t\t\t\t\t\t\t<\/div>\n\t\t\t\t<\/div>\n\t\t\t\t<div class=\"elementor-element elementor-element-56bddcd elementor-widget elementor-widget-heading\" data-id=\"56bddcd\" data-element_type=\"widget\" data-widget_type=\"heading.default\">\n\t\t\t\t<div class=\"elementor-widget-container\">\n\t\t\t<h6 class=\"elementor-heading-title elementor-size-default\">Portrait aus dem Jahre 2019.<\/h6>\t\t<\/div>\n\t\t\t\t<\/div>\n\t\t\t\t\t<\/div>\n\t\t<\/div>\n\t\t\t\t\t<\/div>\n\t\t<\/section>\n\t\t\t\t<section class=\"elementor-section elementor-top-section elementor-element elementor-element-334eddf elementor-section-boxed elementor-section-height-default elementor-section-height-default\" data-id=\"334eddf\" data-element_type=\"section\">\n\t\t\t\t\t\t<div class=\"elementor-container elementor-column-gap-wide\">\n\t\t\t\t\t<div class=\"elementor-column elementor-col-50 elementor-top-column elementor-element elementor-element-f5bfaae\" data-id=\"f5bfaae\" data-element_type=\"column\">\n\t\t\t<div class=\"elementor-widget-wrap elementor-element-populated\">\n\t\t\t\t\t\t<div class=\"elementor-element elementor-element-54ca968 elementor-widget elementor-widget-image\" data-id=\"54ca968\" data-element_type=\"widget\" data-widget_type=\"image.default\">\n\t\t\t\t<div class=\"elementor-widget-container\">\n\t\t\t\t\t\t\t\t\t\t\t\t\t<img decoding=\"async\" width=\"1024\" height=\"762\" src=\"https:\/\/hairycactus.de\/wp-content\/uploads\/2022\/10\/Our-Mission-min-1024x762.jpg\" class=\"attachment-large size-large wp-image-1708\" alt=\"\" srcset=\"https:\/\/hairycactus.de\/wp-content\/uploads\/2022\/10\/Our-Mission-min-1024x762.jpg 1024w, https:\/\/hairycactus.de\/wp-content\/uploads\/2022\/10\/Our-Mission-min-300x223.jpg 300w, https:\/\/hairycactus.de\/wp-content\/uploads\/2022\/10\/Our-Mission-min-768x572.jpg 768w, https:\/\/hairycactus.de\/wp-content\/uploads\/2022\/10\/Our-Mission-min.jpg 1236w\" sizes=\"(max-width: 1024px) 100vw, 1024px\" \/>\t\t\t\t\t\t\t\t\t\t\t\t\t<\/div>\n\t\t\t\t<\/div>\n\t\t\t\t\t<\/div>\n\t\t<\/div>\n\t\t\t\t<div class=\"elementor-column elementor-col-50 elementor-top-column elementor-element elementor-element-6d948e0\" data-id=\"6d948e0\" data-element_type=\"column\">\n\t\t\t<div class=\"elementor-widget-wrap elementor-element-populated\">\n\t\t\t\t\t\t<div class=\"elementor-element elementor-element-6684607 elementor-widget elementor-widget-heading\" data-id=\"6684607\" data-element_type=\"widget\" data-widget_type=\"heading.default\">\n\t\t\t\t<div class=\"elementor-widget-container\">\n\t\t\t<h2 class=\"elementor-heading-title elementor-size-default\">Biografie - Entwicklung<\/h2>\t\t<\/div>\n\t\t\t\t<\/div>\n\t\t\t\t<div class=\"elementor-element elementor-element-e5e5a9d elementor-widget elementor-widget-text-editor\" data-id=\"e5e5a9d\" data-element_type=\"widget\" data-widget_type=\"text-editor.default\">\n\t\t\t\t<div class=\"elementor-widget-container\">\n\t\t\t\t\t\t\t<p style=\"font-size: 17px; font-style: normal; font-weight: 400;\">Als Kind habe ich regelm\u00e4\u00dfig im Wald oder Garten gespielt und war so st\u00e4ndig mit der Natur und Ihren Problemen konfrontiert. In meinen Augen war es wie das Leben eines typischen Dorfkindes.<\/p><p style=\"font-size: 17px; font-style: normal; font-weight: 400;\">\u00a0<\/p><p style=\"font-size: 17px; font-style: normal; font-weight: 400;\">\u00a0<\/p><p style=\"font-size: 17px; font-style: normal; font-weight: 400;\">W\u00e4hrend der Schulzeit entwickelte ich langsam ein Verst\u00e4ndnis f\u00fcr Probleme und L\u00f6sungen unserer Zeit. Dabei habe ich mir immer eine eigene Meinung gebildet. So kommt es, dass ich Prozesse wie erneuerbare Energie auch kritisch hinterfrage und nicht immer mit dem Trend gehe.<\/p><p style=\"font-size: 17px; font-style: normal; font-weight: 400;\">\u00a0<\/p><p style=\"font-size: 17px; font-style: normal; font-weight: 400;\">Am Ende meiner Schullaufbahn, nachdem ich schon eine eigene Arbeitsgruppe zum Thema Naturschutz hatte, trat ich dem Nabu Deutschland bei. Hier konnte ich mich in Kassel, sowie Marburg mit Naturinteressierten vernetzen.<\/p><p style=\"font-size: 17px; font-style: normal; font-weight: 400;\">Dabei leitete ich zusammen mit einer anderen Person zeitweise eine NAJU Kindergruppe.<\/p><p style=\"font-size: 17px; font-style: normal; font-weight: 400;\">\u00a0<\/p><p style=\"font-size: 17px; font-style: normal; font-weight: 400;\">Doch st\u00e4ndig war ich mit Dingen konfrontiert, wo ich sicher war, dass anders an die Sache herangegangen werden sollte.<\/p><p style=\"font-size: 17px; font-style: normal; font-weight: 400;\">\u00a0<\/p><p style=\"font-size: 17px; font-style: normal; font-weight: 400;\">\u00a0<\/p><p style=\"font-size: 17px; font-style: normal; font-weight: 400;\">\u00a0<\/p><p style=\"font-size: 17px; font-style: normal; font-weight: 400;\">\u00a0<\/p>\t\t\t\t\t\t<\/div>\n\t\t\t\t<\/div>\n\t\t\t\t\t<\/div>\n\t\t<\/div>\n\t\t\t\t\t<\/div>\n\t\t<\/section>\n\t\t\t\t<section class=\"elementor-section elementor-top-section elementor-element elementor-element-98c3049 elementor-section-boxed elementor-section-height-default elementor-section-height-default\" data-id=\"98c3049\" data-element_type=\"section\">\n\t\t\t\t\t\t<div class=\"elementor-container elementor-column-gap-wide\">\n\t\t\t\t\t<div class=\"elementor-column elementor-col-50 elementor-top-column elementor-element elementor-element-634bb53\" data-id=\"634bb53\" data-element_type=\"column\">\n\t\t\t<div class=\"elementor-widget-wrap elementor-element-populated\">\n\t\t\t\t\t\t<div class=\"elementor-element elementor-element-27c6e5b elementor-widget elementor-widget-heading\" data-id=\"27c6e5b\" data-element_type=\"widget\" data-widget_type=\"heading.default\">\n\t\t\t\t<div class=\"elementor-widget-container\">\n\t\t\t<h2 class=\"elementor-heading-title elementor-size-default\">Biografie - Ziele<\/h2>\t\t<\/div>\n\t\t\t\t<\/div>\n\t\t\t\t<div class=\"elementor-element elementor-element-7bbc767 elementor-widget elementor-widget-text-editor\" data-id=\"7bbc767\" data-element_type=\"widget\" data-widget_type=\"text-editor.default\">\n\t\t\t\t<div class=\"elementor-widget-container\">\n\t\t\t\t\t\t\t<p>In meinen Augen wird zu viel Kapital sowie Arbeit in den meisten gemeinn\u00fctzigen Projekten nicht sinnvoll eingesetzt. Der Weg von oben nach unten, um Ver\u00e4nderungen zu generieren, hat sich in den letzten Jahrzehnten als nicht sinnvoll erwiesen. Aktuelle Beispiele w\u00e4ren die sog. &#8222;Klimakleber&#8220; oder &#8222;Fridays for Future&#8220;. Viel wichtiger ist es unten anzufangen, d.h. Einzelpersonen zu animieren und dann sp\u00e4ter erst die Politik zu sensibilisieren, sich und sein eigenes Verhalten zu hinterfragen wie hoffentlich auch zu ver\u00e4ndern. Denn anders als Einzelpersonen, wo nur wenig andere Einfl\u00fcsse positive Ver\u00e4nderungen hemmen, ist existiert in der Politik eine h\u00f6here Komplexit\u00e4t. Wirtschaft, Soziales, u.v.m. hemmen eine \u00f6kologische Wende.<\/p><p>Ich m\u00f6chte mit logischen Menschenverstand Protokolle erstellen, Leute animieren, fundierte Informationen erarbeiten, um Artensterben, Klimawandel und co. positiv zu beeinflussen.\u00a0<\/p>\t\t\t\t\t\t<\/div>\n\t\t\t\t<\/div>\n\t\t\t\t\t<\/div>\n\t\t<\/div>\n\t\t\t\t<div class=\"elementor-column elementor-col-50 elementor-top-column elementor-element elementor-element-dd3da70\" data-id=\"dd3da70\" data-element_type=\"column\">\n\t\t\t<div class=\"elementor-widget-wrap elementor-element-populated\">\n\t\t\t\t\t\t<div class=\"elementor-element elementor-element-9387aa6 elementor-widget elementor-widget-image\" data-id=\"9387aa6\" data-element_type=\"widget\" data-widget_type=\"image.default\">\n\t\t\t\t<div class=\"elementor-widget-container\">\n\t\t\t\t\t\t\t\t\t\t\t\t\t<img decoding=\"async\" width=\"734\" height=\"898\" src=\"https:\/\/hairycactus.de\/wp-content\/uploads\/2022\/10\/Service-1-min.jpg\" class=\"attachment-large size-large wp-image-1690\" alt=\"\" srcset=\"https:\/\/hairycactus.de\/wp-content\/uploads\/2022\/10\/Service-1-min.jpg 734w, https:\/\/hairycactus.de\/wp-content\/uploads\/2022\/10\/Service-1-min-245x300.jpg 245w\" sizes=\"(max-width: 734px) 100vw, 734px\" \/>\t\t\t\t\t\t\t\t\t\t\t\t\t<\/div>\n\t\t\t\t<\/div>\n\t\t\t\t\t<\/div>\n\t\t<\/div>\n\t\t\t\t\t<\/div>\n\t\t<\/section>\n\t\t\t\t<section class=\"elementor-section elementor-top-section elementor-element elementor-element-cde0efe elementor-section-content-middle elementor-section-full_width elementor-section-height-default elementor-section-height-default\" data-id=\"cde0efe\" data-element_type=\"section\" data-settings=\"{&quot;background_background&quot;:&quot;classic&quot;}\">\n\t\t\t\t\t\t<div class=\"elementor-container elementor-column-gap-default\">\n\t\t\t\t\t<div class=\"elementor-column elementor-col-50 elementor-top-column elementor-element elementor-element-8f2eeb9\" data-id=\"8f2eeb9\" data-element_type=\"column\">\n\t\t\t<div class=\"elementor-widget-wrap elementor-element-populated\">\n\t\t\t\t\t\t<div class=\"elementor-element elementor-element-322bb4e elementor-widget elementor-widget-heading\" data-id=\"322bb4e\" data-element_type=\"widget\" data-widget_type=\"heading.default\">\n\t\t\t\t<div class=\"elementor-widget-container\">\n\t\t\t<h2 class=\"elementor-heading-title elementor-size-default\">Kontaktiere Mich<\/h2>\t\t<\/div>\n\t\t\t\t<\/div>\n\t\t\t\t<div class=\"elementor-element elementor-element-63eaa9b elementor-widget elementor-widget-text-editor\" data-id=\"63eaa9b\" data-element_type=\"widget\" data-widget_type=\"text-editor.default\">\n\t\t\t\t<div class=\"elementor-widget-container\">\n\t\t\t\t\t\t\t<p>M\u00f6chtest Du ein Teil der Hairy Cactus Familie werden, oder hast Du irgendwelche Frage, dann kannst Du Dich gerne bei mir melden \ud83d\ude42<\/p>\t\t\t\t\t\t<\/div>\n\t\t\t\t<\/div>\n\t\t\t\t<div class=\"elementor-element elementor-element-5cc4301 elementor-align-center elementor-widget elementor-widget-button\" data-id=\"5cc4301\" data-element_type=\"widget\" data-widget_type=\"button.default\">\n\t\t\t\t<div class=\"elementor-widget-container\">\n\t\t\t\t\t<div class=\"elementor-button-wrapper\">\n\t\t\t<a class=\"elementor-button elementor-button-link elementor-size-sm\" href=\"https:\/\/hairycactus.de\/?page_id=16\">\n\t\t\t\t\t\t<span class=\"elementor-button-content-wrapper\">\n\t\t\t\t\t\t\t\t\t<span class=\"elementor-button-text\">Nachricht senden<\/span>\n\t\t\t\t\t<\/span>\n\t\t\t\t\t<\/a>\n\t\t<\/div>\n\t\t\t\t<\/div>\n\t\t\t\t<\/div>\n\t\t\t\t\t<\/div>\n\t\t<\/div>\n\t\t\t\t<div class=\"elementor-column elementor-col-50 elementor-top-column elementor-element elementor-element-a3ea52d\" data-id=\"a3ea52d\" data-element_type=\"column\">\n\t\t\t<div class=\"elementor-widget-wrap elementor-element-populated\">\n\t\t\t\t\t\t<div class=\"elementor-element elementor-element-3efbe17 elementor-widget elementor-widget-heading\" data-id=\"3efbe17\" data-element_type=\"widget\" data-widget_type=\"heading.default\">\n\t\t\t\t<div class=\"elementor-widget-container\">\n\t\t\t<h2 class=\"elementor-heading-title elementor-size-default\">Bleibe auf dem Laufenden<\/h2>\t\t<\/div>\n\t\t\t\t<\/div>\n\t\t\t\t<div class=\"elementor-element elementor-element-7b0479c elementor-widget elementor-widget-text-editor\" data-id=\"7b0479c\" data-element_type=\"widget\" data-widget_type=\"text-editor.default\">\n\t\t\t\t<div class=\"elementor-widget-container\">\n\t\t\t\t\t\t\t<p>Erhalte in regelm\u00e4\u00dfigen Abst\u00e4nden Informationen \u00fcber unsere Arbeit und die Natur im Allgemeinen. Sicherlich finden Sie hier, f\u00fcr Sie relevante Inhalte.<\/p>\t\t\t\t\t\t<\/div>\n\t\t\t\t<\/div>\n\t\t\t\t<div class=\"elementor-element elementor-element-8b4a019 elementor-widget elementor-widget-shortcode\" data-id=\"8b4a019\" data-element_type=\"widget\" data-widget_type=\"shortcode.default\">\n\t\t\t\t<div class=\"elementor-widget-container\">\n\t\t\t\t\t<div class=\"elementor-shortcode\"><div class=\"tnp tnp-subscription \">\n<form method=\"post\" action=\"https:\/\/hairycactus.de\/?na=s\">\n<input type=\"hidden\" name=\"nlang\" value=\"\">\n<div class=\"tnp-field tnp-field-firstname\"><label for=\"tnp-1\">Vorname<\/label>\n<input class=\"tnp-name\" type=\"text\" name=\"nn\" id=\"tnp-1\" value=\"\" placeholder=\"\" required><\/div>\n<div class=\"tnp-field tnp-field-surname\"><label for=\"tnp-2\">Nachname<\/label>\n<input class=\"tnp-surname\" type=\"text\" name=\"ns\" id=\"tnp-2\" value=\"\" placeholder=\"\" required><\/div><div class=\"tnp-field tnp-field-email\"><label for=\"tnp-3\">E-Mail-Adresse<\/label>\n<input class=\"tnp-email\" type=\"email\" name=\"ne\" id=\"tnp-3\" value=\"\" placeholder=\"\" required><\/div>\n<div class=\"tnp-field tnp-privacy-field\"><label><input type=\"checkbox\" name=\"ny\" required class=\"tnp-privacy\"> Hiermit akzeptiere ich die Datenschutzbestimmungen<\/label><\/div><div class=\"tnp-field tnp-field-button\" style=\"text-align: left\"><input class=\"tnp-submit\" type=\"submit\" value=\"Abonnieren\" style=\"\">\n<\/div>\n<\/form>\n<\/div>\n<\/div>\n\t\t\t\t<\/div>\n\t\t\t\t<\/div>\n\t\t\t\t\t<\/div>\n\t\t<\/div>\n\t\t\t\t\t<\/div>\n\t\t<\/section>\n\t\t\t\t<\/div>\n\t\t","protected":false},"excerpt":{"rendered":"<p>Wer ich bin? Biografie &#8211; Basisinformationen Hallo, mein Name ist Domenic Reetz. Schon seit kindheitstagen interessiere ich mich f\u00fcr die Umwelt. Ich bin 23 Jahre alt und habe 2019 mein Abitur in Hofgeismar gemacht. Ich wohne in einem kleinen Dorf in dem Altkreis Hofgeismar. Dort lebe ich noch zusammen mit meinen Eltern in unserem eigenem [&hellip;]<\/p>\n","protected":false},"author":1,"featured_media":0,"parent":0,"menu_order":0,"comment_status":"closed","ping_status":"closed","template":"","meta":{"site-sidebar-layout":"no-sidebar","site-content-layout":"page-builder","ast-site-content-layout":"","site-content-style":"default","site-sidebar-style":"default","ast-global-header-display":"","ast-banner-title-visibility":"","ast-main-header-display":"","ast-hfb-above-header-display":"","ast-hfb-below-header-display":"","ast-hfb-mobile-header-display":"","site-post-title":"disabled","ast-breadcrumbs-content":"","ast-featured-img":"disabled","footer-sml-layout":"","theme-transparent-header-meta":"enabled","adv-header-id-meta":"","stick-header-meta":"","header-above-stick-meta":"","header-main-stick-meta":"","header-below-stick-meta":"","astra-migrate-meta-layouts":"default","ast-page-background-enabled":"default","ast-page-background-meta":{"desktop":{"background-color":"var(--ast-global-color-4)","background-image":"","background-repeat":"repeat","background-position":"center center","background-size":"auto","background-attachment":"scroll","background-type":"","background-media":"","overlay-type":"","overlay-color":"","overlay-opacity":"","overlay-gradient":""},"tablet":{"background-color":"","background-image":"","background-repeat":"repeat","background-position":"center center","background-size":"auto","background-attachment":"scroll","background-type":"","background-media":"","overlay-type":"","overlay-color":"","overlay-opacity":"","overlay-gradient":""},"mobile":{"background-color":"","background-image":"","background-repeat":"repeat","background-position":"center center","background-size":"auto","background-attachment":"scroll","background-type":"","background-media":"","overlay-type":"","overlay-color":"","overlay-opacity":"","overlay-gradient":""}},"ast-content-background-meta":{"desktop":{"background-color":"var(--ast-global-color-5)","background-image":"","background-repeat":"repeat","background-position":"center center","background-size":"auto","background-attachment":"scroll","background-type":"","background-media":"","overlay-type":"","overlay-color":"","overlay-opacity":"","overlay-gradient":""},"tablet":{"background-color":"var(--ast-global-color-5)","background-image":"","background-repeat":"repeat","background-position":"center center","background-size":"auto","background-attachment":"scroll","background-type":"","background-media":"","overlay-type":"","overlay-color":"","overlay-opacity":"","overlay-gradient":""},"mobile":{"background-color":"var(--ast-global-color-5)","background-image":"","background-repeat":"repeat","background-position":"center center","background-size":"auto","background-attachment":"scroll","background-type":"","background-media":"","overlay-type":"","overlay-color":"","overlay-opacity":"","overlay-gradient":""}},"footnotes":""},"class_list":["post-14","page","type-page","status-publish","hentry"],"_links":{"self":[{"href":"https:\/\/hairycactus.de\/index.php?rest_route=\/wp\/v2\/pages\/14","targetHints":{"allow":["GET"]}}],"collection":[{"href":"https:\/\/hairycactus.de\/index.php?rest_route=\/wp\/v2\/pages"}],"about":[{"href":"https:\/\/hairycactus.de\/index.php?rest_route=\/wp\/v2\/types\/page"}],"author":[{"embeddable":true,"href":"https:\/\/hairycactus.de\/index.php?rest_route=\/wp\/v2\/users\/1"}],"replies":[{"embeddable":true,"href":"https:\/\/hairycactus.de\/index.php?rest_route=%2Fwp%2Fv2%2Fcomments&post=14"}],"version-history":[{"count":38,"href":"https:\/\/hairycactus.de\/index.php?rest_route=\/wp\/v2\/pages\/14\/revisions"}],"predecessor-version":[{"id":1979,"href":"https:\/\/hairycactus.de\/index.php?rest_route=\/wp\/v2\/pages\/14\/revisions\/1979"}],"wp:attachment":[{"href":"https:\/\/hairycactus.de\/index.php?rest_route=%2Fwp%2Fv2%2Fmedia&parent=14"}],"curies":[{"name":"wp","href":"https:\/\/api.w.org\/{rel}","templated":true}]}}